{"id":678,"date":"2019-07-28T00:47:19","date_gmt":"2019-07-28T00:47:19","guid":{"rendered":"https:\/\/wwfs.mx\/?page_id=678"},"modified":"2023-07-15T00:53:07","modified_gmt":"2023-07-15T00:53:07","slug":"services","status":"publish","type":"page","link":"https:\/\/wwfs.mx\/index.php\/services\/","title":{"rendered":""},"content":{"rendered":"\t\t<div data-elementor-type=\"wp-post\" data-elementor-id=\"678\" class=\"elementor elementor-678\">\n\t\t\t\t\t\t<div class=\"elementor-inner\">\n\t\t\t\t<div class=\"elementor-section-wrap\">\n\t\t\t\t\t\t\t\t\t<section class=\"elementor-section elementor-top-section elementor-element elementor-element-4357f95 elementor-section-full_width elementor-section-stretched elementor-section-height-default elementor-section-height-default\" data-id=\"4357f95\" data-element_type=\"section\" data-settings=\"{&quot;stretch_section&quot;:&quot;section-stretched&quot;}\">\n\t\t\t\t\t\t<div class=\"elementor-container elementor-column-gap-default\">\n\t\t\t\t\t\t\t<div class=\"elementor-row\">\n\t\t\t\t\t<div class=\"elementor-column elementor-col-100 elementor-top-column elementor-element elementor-element-a455dfe\" data-id=\"a455dfe\" data-element_type=\"column\">\n\t\t\t<div class=\"elementor-column-wrap elementor-element-populated\">\n\t\t\t\t\t\t\t<div class=\"elementor-widget-wrap\">\n\t\t\t\t\t\t<div class=\"elementor-element elementor-element-3fcebec elementor-widget__width-initial elementor-widget elementor-widget-image\" data-id=\"3fcebec\" data-element_type=\"widget\" data-widget_type=\"image.default\">\n\t\t\t\t<div class=\"elementor-widget-container\">\n\t\t\t\t\t\t\t\t<div class=\"elementor-image\">\n\t\t\t\t\t\t\t\t\t\t\t\t<img decoding=\"async\" width=\"2560\" height=\"1179\" src=\"https:\/\/wwfs.mx\/wp-content\/uploads\/2023\/06\/servicio-maritimo-scaled_v2.jpg\" class=\"attachment-full size-full wp-image-1670\" alt=\"\" loading=\"lazy\" srcset=\"https:\/\/wwfs.mx\/wp-content\/uploads\/2023\/06\/servicio-maritimo-scaled_v2.jpg 2560w, https:\/\/wwfs.mx\/wp-content\/uploads\/2023\/06\/servicio-maritimo-scaled_v2-300x138.jpg 300w, https:\/\/wwfs.mx\/wp-content\/uploads\/2023\/06\/servicio-maritimo-scaled_v2-1024x472.jpg 1024w, https:\/\/wwfs.mx\/wp-content\/uploads\/2023\/06\/servicio-maritimo-scaled_v2-768x354.jpg 768w, https:\/\/wwfs.mx\/wp-content\/uploads\/2023\/06\/servicio-maritimo-scaled_v2-1536x707.jpg 1536w, https:\/\/wwfs.mx\/wp-content\/uploads\/2023\/06\/servicio-maritimo-scaled_v2-2048x943.jpg 2048w\" sizes=\"(max-width: 2560px) 100vw, 2560px\" \/>\t\t\t\t\t\t\t\t\t\t\t\t\t\t<\/div>\n\t\t\t\t\t\t<\/div>\n\t\t\t\t<\/div>\n\t\t\t\t\t\t<\/div>\n\t\t\t\t\t<\/div>\n\t\t<\/div>\n\t\t\t\t\t\t\t\t<\/div>\n\t\t\t\t\t<\/div>\n\t\t<\/section>\n\t\t\t\t<section class=\"elementor-section elementor-top-section elementor-element elementor-element-cca381b elementor-section-boxed elementor-section-height-default elementor-section-height-default\" data-id=\"cca381b\" data-element_type=\"section\">\n\t\t\t\t\t\t<div class=\"elementor-container elementor-column-gap-default\">\n\t\t\t\t\t\t\t<div class=\"elementor-row\">\n\t\t\t\t\t<div class=\"elementor-column elementor-col-100 elementor-top-column elementor-element elementor-element-8f844c2\" data-id=\"8f844c2\" data-element_type=\"column\">\n\t\t\t<div class=\"elementor-column-wrap elementor-element-populated\">\n\t\t\t\t\t\t\t<div class=\"elementor-widget-wrap\">\n\t\t\t\t\t\t<div class=\"elementor-element elementor-element-94f09d5 elementor-widget elementor-widget-heading\" data-id=\"94f09d5\" data-element_type=\"widget\" data-widget_type=\"heading.default\">\n\t\t\t\t<div class=\"elementor-widget-container\">\n\t\t\t<h1 class=\"elementor-heading-title elementor-size-default\">\u00a1NUESTROS SERVICIOS!<\/h1>\t\t<\/div>\n\t\t\t\t<\/div>\n\t\t\t\t\t\t<\/div>\n\t\t\t\t\t<\/div>\n\t\t<\/div>\n\t\t\t\t\t\t\t\t<\/div>\n\t\t\t\t\t<\/div>\n\t\t<\/section>\n\t\t\t\t<section class=\"elementor-section elementor-top-section elementor-element elementor-element-4e3dfc3 elementor-section-stretched elementor-section-boxed elementor-section-height-default elementor-section-height-default\" data-id=\"4e3dfc3\" data-element_type=\"section\" data-settings=\"{&quot;stretch_section&quot;:&quot;section-stretched&quot;,&quot;background_background&quot;:&quot;classic&quot;}\">\n\t\t\t\t\t\t<div class=\"elementor-container elementor-column-gap-default\">\n\t\t\t\t\t\t\t<div class=\"elementor-row\">\n\t\t\t\t\t<div class=\"elementor-column elementor-col-100 elementor-top-column elementor-element elementor-element-361d393\" data-id=\"361d393\" data-element_type=\"column\">\n\t\t\t<div class=\"elementor-column-wrap elementor-element-populated\">\n\t\t\t\t\t\t\t<div class=\"elementor-widget-wrap\">\n\t\t\t\t\t\t<div class=\"elementor-element elementor-element-846b55d elementor-widget elementor-widget-heading\" data-id=\"846b55d\" data-element_type=\"widget\" data-widget_type=\"heading.default\">\n\t\t\t\t<div class=\"elementor-widget-container\">\n\t\t\t<h1 class=\"elementor-heading-title elementor-size-default\">SERVICIO MARITIMO<\/h1>\t\t<\/div>\n\t\t\t\t<\/div>\n\t\t\t\t<div class=\"elementor-element elementor-element-45399cc elementor-widget elementor-widget-text-editor\" data-id=\"45399cc\" data-element_type=\"widget\" data-widget_type=\"text-editor.default\">\n\t\t\t\t<div class=\"elementor-widget-container\">\n\t\t\t\t\t\t\t\t<div class=\"elementor-text-editor elementor-clearfix\">\n\t\t\t\t<h5><span style=\"color: #313131;\">Brindamos servicios premium y de calidad en t\u00e9rminos de soluciones de servicio personalizadas y precios competitivos. Contamos con personal experimentado y alianzas con transportistas de clase mundial.<br \/><\/span><\/h5>\t\t\t\t\t<\/div>\n\t\t\t\t\t\t<\/div>\n\t\t\t\t<\/div>\n\t\t\t\t<div class=\"elementor-element elementor-element-a41c0a1 elementor-invisible elementor-widget elementor-widget-image\" data-id=\"a41c0a1\" data-element_type=\"widget\" data-settings=\"{&quot;_animation&quot;:&quot;zoomInUp&quot;}\" data-widget_type=\"image.default\">\n\t\t\t\t<div class=\"elementor-widget-container\">\n\t\t\t\t\t\t\t\t<div class=\"elementor-image\">\n\t\t\t\t\t\t\t\t\t\t\t\t<img decoding=\"async\" width=\"2560\" height=\"1179\" src=\"https:\/\/wwfs.mx\/wp-content\/uploads\/2023\/06\/servicio-maritimo-scaled.jpg\" class=\"attachment-full size-full wp-image-1596\" alt=\"\" loading=\"lazy\" srcset=\"https:\/\/wwfs.mx\/wp-content\/uploads\/2023\/06\/servicio-maritimo-scaled.jpg 2560w, https:\/\/wwfs.mx\/wp-content\/uploads\/2023\/06\/servicio-maritimo-300x138.jpg 300w, https:\/\/wwfs.mx\/wp-content\/uploads\/2023\/06\/servicio-maritimo-1024x471.jpg 1024w, https:\/\/wwfs.mx\/wp-content\/uploads\/2023\/06\/servicio-maritimo-768x354.jpg 768w, https:\/\/wwfs.mx\/wp-content\/uploads\/2023\/06\/servicio-maritimo-1536x707.jpg 1536w, https:\/\/wwfs.mx\/wp-content\/uploads\/2023\/06\/servicio-maritimo-2048x943.jpg 2048w\" sizes=\"(max-width: 2560px) 100vw, 2560px\" \/>\t\t\t\t\t\t\t\t\t\t\t\t\t\t<\/div>\n\t\t\t\t\t\t<\/div>\n\t\t\t\t<\/div>\n\t\t\t\t<div class=\"elementor-element elementor-element-70f28d8 elementor-widget elementor-widget-spacer\" data-id=\"70f28d8\" data-element_type=\"widget\" data-widget_type=\"spacer.default\">\n\t\t\t\t<div class=\"elementor-widget-container\">\n\t\t\t\t\t<div class=\"elementor-spacer\">\n\t\t\t<div class=\"elementor-spacer-inner\"><\/div>\n\t\t<\/div>\n\t\t\t\t<\/div>\n\t\t\t\t<\/div>\n\t\t\t\t<div class=\"elementor-element elementor-element-d89b012 elementor-widget elementor-widget-heading\" data-id=\"d89b012\" data-element_type=\"widget\" data-widget_type=\"heading.default\">\n\t\t\t\t<div class=\"elementor-widget-container\">\n\t\t\t<h1 class=\"elementor-heading-title elementor-size-default\">SERVICIO A\u00c9REO<\/h1>\t\t<\/div>\n\t\t\t\t<\/div>\n\t\t\t\t<div class=\"elementor-element elementor-element-cebbab4 elementor-widget elementor-widget-text-editor\" data-id=\"cebbab4\" data-element_type=\"widget\" data-widget_type=\"text-editor.default\">\n\t\t\t\t<div class=\"elementor-widget-container\">\n\t\t\t\t\t\t\t\t<div class=\"elementor-text-editor elementor-clearfix\">\n\t\t\t\t<div id=\"tw-target-text-container\" class=\"tw-ta-container F0azHf tw-nfl\" tabindex=\"0\"><h5 id=\"tw-target-text\" class=\"tw-data-text tw-text-large tw-ta\" dir=\"ltr\" data-placeholder=\"Traducci\u00f3n\"><span class=\"Y2IQFc\" lang=\"es\">Realizamos env\u00edos internacionales de carga a\u00e9rea en todo el mundo para satisfacer sus necesidades de carga a\u00e9rea, independientemente del tama\u00f1o, el peso o el destino. Aseguramos una operaci\u00f3n r\u00e1pida y fluida para que nuestro cliente sea capaz de competir, en un mundo que cambia constantemente.<\/span><\/h5><\/div><div id=\"tw-target-rmn-container\" class=\"tw-target-rmn tw-ta-container F0azHf tw-nfl\"><pre id=\"tw-target-rmn\" class=\"tw-data-placeholder tw-text-small tw-ta\" dir=\"ltr\" data-placeholder=\"\">\u00a0<\/pre><\/div>\t\t\t\t\t<\/div>\n\t\t\t\t\t\t<\/div>\n\t\t\t\t<\/div>\n\t\t\t\t<div class=\"elementor-element elementor-element-c37b9d9 elementor-invisible elementor-widget elementor-widget-image\" data-id=\"c37b9d9\" data-element_type=\"widget\" data-settings=\"{&quot;_animation&quot;:&quot;zoomInUp&quot;}\" data-widget_type=\"image.default\">\n\t\t\t\t<div class=\"elementor-widget-container\">\n\t\t\t\t\t\t\t\t<div class=\"elementor-image\">\n\t\t\t\t\t\t\t\t\t\t\t\t<img decoding=\"async\" width=\"2560\" height=\"1179\" src=\"https:\/\/wwfs.mx\/wp-content\/uploads\/2023\/06\/SercicioAereo--scaled.jpg\" class=\"attachment-full size-full wp-image-1595\" alt=\"\" loading=\"lazy\" srcset=\"https:\/\/wwfs.mx\/wp-content\/uploads\/2023\/06\/SercicioAereo--scaled.jpg 2560w, https:\/\/wwfs.mx\/wp-content\/uploads\/2023\/06\/SercicioAereo--300x138.jpg 300w, https:\/\/wwfs.mx\/wp-content\/uploads\/2023\/06\/SercicioAereo--1024x471.jpg 1024w, https:\/\/wwfs.mx\/wp-content\/uploads\/2023\/06\/SercicioAereo--768x354.jpg 768w, https:\/\/wwfs.mx\/wp-content\/uploads\/2023\/06\/SercicioAereo--1536x707.jpg 1536w, https:\/\/wwfs.mx\/wp-content\/uploads\/2023\/06\/SercicioAereo--2048x943.jpg 2048w\" sizes=\"(max-width: 2560px) 100vw, 2560px\" \/>\t\t\t\t\t\t\t\t\t\t\t\t\t\t<\/div>\n\t\t\t\t\t\t<\/div>\n\t\t\t\t<\/div>\n\t\t\t\t<div class=\"elementor-element elementor-element-74bea1e elementor-widget elementor-widget-spacer\" data-id=\"74bea1e\" data-element_type=\"widget\" data-widget_type=\"spacer.default\">\n\t\t\t\t<div class=\"elementor-widget-container\">\n\t\t\t\t\t<div class=\"elementor-spacer\">\n\t\t\t<div class=\"elementor-spacer-inner\"><\/div>\n\t\t<\/div>\n\t\t\t\t<\/div>\n\t\t\t\t<\/div>\n\t\t\t\t<div class=\"elementor-element elementor-element-6a9e50b elementor-widget elementor-widget-heading\" data-id=\"6a9e50b\" data-element_type=\"widget\" data-widget_type=\"heading.default\">\n\t\t\t\t<div class=\"elementor-widget-container\">\n\t\t\t<h1 class=\"elementor-heading-title elementor-size-default\">SERVICIO TERRESTRE<\/h1>\t\t<\/div>\n\t\t\t\t<\/div>\n\t\t\t\t<div class=\"elementor-element elementor-element-2ce0f71 elementor-widget elementor-widget-text-editor\" data-id=\"2ce0f71\" data-element_type=\"widget\" data-widget_type=\"text-editor.default\">\n\t\t\t\t<div class=\"elementor-widget-container\">\n\t\t\t\t\t\t\t\t<div class=\"elementor-text-editor elementor-clearfix\">\n\t\t\t\t<h5 id=\"tw-target-text\" class=\"tw-data-text tw-text-large tw-ta\" dir=\"ltr\" data-placeholder=\"Traducci\u00f3n\"><span class=\"Y2IQFc\" lang=\"es\">Podemos ayudarlo a encontrar la mejor opci\u00f3n de costo\/beneficio, ya sea que prefiera contratar un cami\u00f3n completo para transportar su carga o quiera compartir el cami\u00f3n con un par de otras cargas, tenemos miles de camioneros disponibles para hacer el trabajo. Tambi\u00e9n nos encargamos de los contenedores de importaci\u00f3n y exportaci\u00f3n desde los principales puertos y rampas para asegurarnos de que no solo cumplimos sino que superamos sus necesidades de transporte de contenedores.<\/span><\/h5><h5><span style=\"color: #313131;\">\u00a0<\/span><\/h5>\t\t\t\t\t<\/div>\n\t\t\t\t\t\t<\/div>\n\t\t\t\t<\/div>\n\t\t\t\t<div class=\"elementor-element elementor-element-7ca8cb9 elementor-invisible elementor-widget elementor-widget-image\" data-id=\"7ca8cb9\" data-element_type=\"widget\" data-settings=\"{&quot;_animation&quot;:&quot;zoomInUp&quot;}\" data-widget_type=\"image.default\">\n\t\t\t\t<div class=\"elementor-widget-container\">\n\t\t\t\t\t\t\t\t<div class=\"elementor-image\">\n\t\t\t\t\t\t\t\t\t\t\t\t<img decoding=\"async\" width=\"2560\" height=\"1179\" src=\"https:\/\/wwfs.mx\/wp-content\/uploads\/2023\/06\/servterrestre-1-scaled.jpg\" class=\"attachment-full size-full wp-image-1597\" alt=\"\" loading=\"lazy\" srcset=\"https:\/\/wwfs.mx\/wp-content\/uploads\/2023\/06\/servterrestre-1-scaled.jpg 2560w, https:\/\/wwfs.mx\/wp-content\/uploads\/2023\/06\/servterrestre-1-300x138.jpg 300w, https:\/\/wwfs.mx\/wp-content\/uploads\/2023\/06\/servterrestre-1-1024x471.jpg 1024w, https:\/\/wwfs.mx\/wp-content\/uploads\/2023\/06\/servterrestre-1-768x354.jpg 768w, https:\/\/wwfs.mx\/wp-content\/uploads\/2023\/06\/servterrestre-1-1536x707.jpg 1536w, https:\/\/wwfs.mx\/wp-content\/uploads\/2023\/06\/servterrestre-1-2048x943.jpg 2048w\" sizes=\"(max-width: 2560px) 100vw, 2560px\" \/>\t\t\t\t\t\t\t\t\t\t\t\t\t\t<\/div>\n\t\t\t\t\t\t<\/div>\n\t\t\t\t<\/div>\n\t\t\t\t<div class=\"elementor-element elementor-element-1f7cb7b elementor-widget elementor-widget-spacer\" data-id=\"1f7cb7b\" data-element_type=\"widget\" data-widget_type=\"spacer.default\">\n\t\t\t\t<div class=\"elementor-widget-container\">\n\t\t\t\t\t<div class=\"elementor-spacer\">\n\t\t\t<div class=\"elementor-spacer-inner\"><\/div>\n\t\t<\/div>\n\t\t\t\t<\/div>\n\t\t\t\t<\/div>\n\t\t\t\t<div class=\"elementor-element elementor-element-6f87038 elementor-widget elementor-widget-heading\" data-id=\"6f87038\" data-element_type=\"widget\" data-widget_type=\"heading.default\">\n\t\t\t\t<div class=\"elementor-widget-container\">\n\t\t\t<h1 class=\"elementor-heading-title elementor-size-default\">ALMAC\u00c9N<\/h1>\t\t<\/div>\n\t\t\t\t<\/div>\n\t\t\t\t<div class=\"elementor-element elementor-element-dd13abe elementor-widget elementor-widget-text-editor\" data-id=\"dd13abe\" data-element_type=\"widget\" data-widget_type=\"text-editor.default\">\n\t\t\t\t<div class=\"elementor-widget-container\">\n\t\t\t\t\t\t\t\t<div class=\"elementor-text-editor elementor-clearfix\">\n\t\t\t\t<div id=\"tw-target-text-container\" class=\"tw-ta-container F0azHf tw-nfl\" tabindex=\"0\"><h5 id=\"tw-target-text\" class=\"tw-data-text tw-text-large tw-ta\" dir=\"ltr\" data-placeholder=\"Traducci\u00f3n\"><span class=\"Y2IQFc\" lang=\"es\">WWFS se dedica a brindar el servicio de almacenamiento m\u00e1s completo para ayudar a nuestros clientes a reducir los costos de transporte manteniendo menos inventario. <\/span><\/h5><h5>1.- La gesti\u00f3n del inventario<\/h5><h5>2.- Pallet<\/h5><h5><span class=\"Y2IQFc\" lang=\"es\">3.- Recoger y empacar.<\/span><\/h5><h5><span class=\"Y2IQFc\" lang=\"es\">4.- Impresi\u00f3n y escaneo de etiquetas de c\u00f3digo de barras.<\/span><\/h5><h5><span class=\"Y2IQFc\" lang=\"es\">5.- Centro de control de calidad.<\/span><\/h5><h5><span class=\"Y2IQFc\" lang=\"es\">6.- Servicios de distribuci\u00f3n.<\/span><\/h5><\/div><div id=\"tw-target-rmn-container\" class=\"tw-target-rmn tw-ta-container F0azHf tw-nfl\"><pre id=\"tw-target-rmn\" class=\"tw-data-placeholder tw-text-small tw-ta\" dir=\"ltr\" data-placeholder=\"\">\u00a0<\/pre><\/div>\t\t\t\t\t<\/div>\n\t\t\t\t\t\t<\/div>\n\t\t\t\t<\/div>\n\t\t\t\t<div class=\"elementor-element elementor-element-420c021 elementor-invisible elementor-widget elementor-widget-image\" data-id=\"420c021\" data-element_type=\"widget\" data-settings=\"{&quot;_animation&quot;:&quot;zoomInUp&quot;}\" data-widget_type=\"image.default\">\n\t\t\t\t<div class=\"elementor-widget-container\">\n\t\t\t\t\t\t\t\t<div class=\"elementor-image\">\n\t\t\t\t\t\t\t\t\t\t\t\t<img decoding=\"async\" width=\"1920\" height=\"1080\" src=\"https:\/\/wwfs.mx\/wp-content\/uploads\/2019\/07\/Cons-2-1920x1080.jpg\" class=\"attachment-full size-full wp-image-108\" alt=\"\" loading=\"lazy\" srcset=\"https:\/\/wwfs.mx\/wp-content\/uploads\/2019\/07\/Cons-2-1920x1080.jpg 1920w, https:\/\/wwfs.mx\/wp-content\/uploads\/2019\/07\/Cons-2-1920x1080-300x169.jpg 300w, https:\/\/wwfs.mx\/wp-content\/uploads\/2019\/07\/Cons-2-1920x1080-768x432.jpg 768w, https:\/\/wwfs.mx\/wp-content\/uploads\/2019\/07\/Cons-2-1920x1080-1024x576.jpg 1024w\" sizes=\"(max-width: 1920px) 100vw, 1920px\" \/>\t\t\t\t\t\t\t\t\t\t\t\t\t\t<\/div>\n\t\t\t\t\t\t<\/div>\n\t\t\t\t<\/div>\n\t\t\t\t<div class=\"elementor-element elementor-element-de56b07 elementor-widget elementor-widget-spacer\" data-id=\"de56b07\" data-element_type=\"widget\" data-widget_type=\"spacer.default\">\n\t\t\t\t<div class=\"elementor-widget-container\">\n\t\t\t\t\t<div class=\"elementor-spacer\">\n\t\t\t<div class=\"elementor-spacer-inner\"><\/div>\n\t\t<\/div>\n\t\t\t\t<\/div>\n\t\t\t\t<\/div>\n\t\t\t\t<div class=\"elementor-element elementor-element-fbb60f9 elementor-widget elementor-widget-heading\" data-id=\"fbb60f9\" data-element_type=\"widget\" data-widget_type=\"heading.default\">\n\t\t\t\t<div class=\"elementor-widget-container\">\n\t\t\t<h1 class=\"elementor-heading-title elementor-size-default\">CARGA ASEGURADA<\/h1>\t\t<\/div>\n\t\t\t\t<\/div>\n\t\t\t\t<div class=\"elementor-element elementor-element-9d6fdec elementor-widget elementor-widget-text-editor\" data-id=\"9d6fdec\" data-element_type=\"widget\" data-widget_type=\"text-editor.default\">\n\t\t\t\t<div class=\"elementor-widget-container\">\n\t\t\t\t\t\t\t\t<div class=\"elementor-text-editor elementor-clearfix\">\n\t\t\t\t<div id=\"tw-target-text-container\" class=\"tw-ta-container F0azHf tw-nfl\" tabindex=\"0\"><h5 id=\"tw-target-text\" class=\"tw-data-text tw-text-large tw-ta\" dir=\"ltr\" data-placeholder=\"Traducci\u00f3n\"><span class=\"Y2IQFc\" lang=\"es\">Ofrecemos soluciones para asegurar su carga que viaja por tierra, aire o mar, desde el origen hasta su destino final internacional. Con una estrecha relaci\u00f3n con los agentes de seguros, podemos ofrecer precios competitivos para el seguro de carga a nombre de los clientes.<\/span><\/h5><\/div><div id=\"tw-target-rmn-container\" class=\"tw-target-rmn tw-ta-container F0azHf tw-nfl\"><pre id=\"tw-target-rmn\" class=\"tw-data-placeholder tw-text-small tw-ta\" dir=\"ltr\" data-placeholder=\"\">\u00a0<\/pre><\/div>\t\t\t\t\t<\/div>\n\t\t\t\t\t\t<\/div>\n\t\t\t\t<\/div>\n\t\t\t\t<div class=\"elementor-element elementor-element-0a1612b elementor-invisible elementor-widget elementor-widget-image\" data-id=\"0a1612b\" data-element_type=\"widget\" data-settings=\"{&quot;_animation&quot;:&quot;zoomInUp&quot;}\" data-widget_type=\"image.default\">\n\t\t\t\t<div class=\"elementor-widget-container\">\n\t\t\t\t\t\t\t\t<div class=\"elementor-image\">\n\t\t\t\t\t\t\t\t\t\t\t\t<img decoding=\"async\" width=\"1590\" height=\"894\" src=\"https:\/\/wwfs.mx\/wp-content\/uploads\/2023\/07\/buque-tormenta-contenedores-1590x894-1.jpg\" class=\"attachment-full size-full wp-image-1718\" alt=\"\" loading=\"lazy\" srcset=\"https:\/\/wwfs.mx\/wp-content\/uploads\/2023\/07\/buque-tormenta-contenedores-1590x894-1.jpg 1590w, https:\/\/wwfs.mx\/wp-content\/uploads\/2023\/07\/buque-tormenta-contenedores-1590x894-1-300x169.jpg 300w, https:\/\/wwfs.mx\/wp-content\/uploads\/2023\/07\/buque-tormenta-contenedores-1590x894-1-1024x576.jpg 1024w, https:\/\/wwfs.mx\/wp-content\/uploads\/2023\/07\/buque-tormenta-contenedores-1590x894-1-768x432.jpg 768w, https:\/\/wwfs.mx\/wp-content\/uploads\/2023\/07\/buque-tormenta-contenedores-1590x894-1-1536x864.jpg 1536w\" sizes=\"(max-width: 1590px) 100vw, 1590px\" \/>\t\t\t\t\t\t\t\t\t\t\t\t\t\t<\/div>\n\t\t\t\t\t\t<\/div>\n\t\t\t\t<\/div>\n\t\t\t\t\t\t<\/div>\n\t\t\t\t\t<\/div>\n\t\t<\/div>\n\t\t\t\t\t\t\t\t<\/div>\n\t\t\t\t\t<\/div>\n\t\t<\/section>\n\t\t\t\t<section class=\"elementor-section elementor-top-section elementor-element elementor-element-018bd7c elementor-section-stretched elementor-section-boxed elementor-section-height-default elementor-section-height-default\" data-id=\"018bd7c\" data-element_type=\"section\" data-settings=\"{&quot;stretch_section&quot;:&quot;section-stretched&quot;}\">\n\t\t\t\t\t\t<div class=\"elementor-container elementor-column-gap-default\">\n\t\t\t\t\t\t\t<div class=\"elementor-row\">\n\t\t\t\t\t<div class=\"elementor-column elementor-col-100 elementor-top-column elementor-element elementor-element-9dbb568\" data-id=\"9dbb568\" data-element_type=\"column\">\n\t\t\t<div class=\"elementor-column-wrap elementor-element-populated\">\n\t\t\t\t\t\t\t<div class=\"elementor-widget-wrap\">\n\t\t\t\t\t\t<div class=\"elementor-element elementor-element-bad2925 elementor-aspect-ratio-169 elementor-widget elementor-widget-video\" data-id=\"bad2925\" data-element_type=\"widget\" data-settings=\"{&quot;mute&quot;:&quot;yes&quot;,&quot;video_type&quot;:&quot;hosted&quot;,&quot;controls&quot;:&quot;yes&quot;,&quot;aspect_ratio&quot;:&quot;169&quot;}\" data-widget_type=\"video.default\">\n\t\t\t\t<div class=\"elementor-widget-container\">\n\t\t\t\t\t<div class=\"e-hosted-video elementor-wrapper elementor-fit-aspect-ratio elementor-open-inline\">\n\t\t\t\t\t<video class=\"elementor-video\" src=\"https:\/\/wwfs.mx\/wp-content\/uploads\/2023\/07\/Container-Terminal-cargo-logistics_V2.mp4\" controls=\"\" preload=\"metadata\" muted=\"muted\" controlsList=\"nodownload\"><\/video>\n\t\t\t\t<\/div>\n\t\t\t\t<\/div>\n\t\t\t\t<\/div>\n\t\t\t\t\t\t<\/div>\n\t\t\t\t\t<\/div>\n\t\t<\/div>\n\t\t\t\t\t\t\t\t<\/div>\n\t\t\t\t\t<\/div>\n\t\t<\/section>\n\t\t\t\t\t\t\t\t\t<\/div>\n\t\t\t<\/div>\n\t\t\t\t\t<\/div>\n\t\t","protected":false},"excerpt":{"rendered":"<p>\u00a1NUESTROS SERVICIOS! SERVICIO MARITIMO Brindamos servicios premium y de calidad en t\u00e9rminos de soluciones de servicio personalizadas y precios competitivos. Contamos con personal experimentado y alianzas con transportistas de clase mundial. SERVICIO A\u00c9REO Realizamos env\u00edos internacionales de carga a\u00e9rea en todo el mundo para satisfacer sus necesidades de carga a\u00e9rea, independientemente del tama\u00f1o, el peso &hellip; <\/p>\n<p class=\"link-more\"><a href=\"https:\/\/wwfs.mx\/index.php\/services\/\" class=\"more-link\">Continue reading<span class=\"screen-reader-text\"> &#8220;&#8221;<\/span><\/a><\/p>\n","protected":false},"author":1,"featured_media":0,"parent":0,"menu_order":0,"comment_status":"closed","ping_status":"closed","template":"","meta":[],"_links":{"self":[{"href":"https:\/\/wwfs.mx\/index.php\/wp-json\/wp\/v2\/pages\/678"}],"collection":[{"href":"https:\/\/wwfs.mx\/index.php\/wp-json\/wp\/v2\/pages"}],"about":[{"href":"https:\/\/wwfs.mx\/index.php\/wp-json\/wp\/v2\/types\/page"}],"author":[{"embeddable":true,"href":"https:\/\/wwfs.mx\/index.php\/wp-json\/wp\/v2\/users\/1"}],"replies":[{"embeddable":true,"href":"https:\/\/wwfs.mx\/index.php\/wp-json\/wp\/v2\/comments?post=678"}],"version-history":[{"count":225,"href":"https:\/\/wwfs.mx\/index.php\/wp-json\/wp\/v2\/pages\/678\/revisions"}],"predecessor-version":[{"id":1800,"href":"https:\/\/wwfs.mx\/index.php\/wp-json\/wp\/v2\/pages\/678\/revisions\/1800"}],"wp:attachment":[{"href":"https:\/\/wwfs.mx\/index.php\/wp-json\/wp\/v2\/media?parent=678"}],"curies":[{"name":"wp","href":"https:\/\/api.w.org\/{rel}","templated":true}]}}